{"id":4186,"date":"2025-05-14T16:40:32","date_gmt":"2025-05-14T16:40:32","guid":{"rendered":"https:\/\/secretsdentiste.com\/temoignages\/"},"modified":"2025-06-05T16:11:30","modified_gmt":"2025-06-05T16:11:30","slug":"temoignages","status":"publish","type":"page","link":"https:\/\/secretsdentiste.com\/en\/temoignages\/","title":{"rendered":"Testimonials"},"content":{"rendered":"\t\t<div data-elementor-type=\"section\" data-elementor-id=\"3930\" class=\"elementor elementor-3930\" data-elementor-post-type=\"elementor_library\">\n\t\t\t\t\t<section class=\"elementor-section elementor-top-section elementor-element elementor-element-73b5220 elementor-section-stretched elementor-section-boxed elementor-section-height-default elementor-section-height-default\" data-id=\"73b5220\" data-element_type=\"section\" data-e-type=\"section\" data-settings=\"{&quot;background_background&quot;:&quot;classic&quot;,&quot;jet_parallax_layout_list&quot;:[{&quot;_id&quot;:&quot;bbe1963&quot;,&quot;jet_parallax_layout_speed&quot;:{&quot;unit&quot;:&quot;%&quot;,&quot;size&quot;:100,&quot;sizes&quot;:[]},&quot;jet_parallax_layout_image&quot;:{&quot;url&quot;:&quot;&quot;,&quot;id&quot;:&quot;&quot;,&quot;size&quot;:&quot;&quot;},&quot;jet_parallax_layout_image_tablet&quot;:{&quot;url&quot;:&quot;&quot;,&quot;id&quot;:&quot;&quot;,&quot;size&quot;:&quot;&quot;},&quot;jet_parallax_layout_image_mobile&quot;:{&quot;url&quot;:&quot;&quot;,&quot;id&quot;:&quot;&quot;,&quot;size&quot;:&quot;&quot;},&quot;jet_parallax_layout_type&quot;:&quot;scroll&quot;,&quot;jet_parallax_layout_direction&quot;:null,&quot;jet_parallax_layout_fx_direction&quot;:null,&quot;jet_parallax_layout_z_index&quot;:&quot;&quot;,&quot;jet_parallax_layout_bg_x&quot;:50,&quot;jet_parallax_layout_bg_x_tablet&quot;:&quot;&quot;,&quot;jet_parallax_layout_bg_x_mobile&quot;:&quot;&quot;,&quot;jet_parallax_layout_bg_y&quot;:50,&quot;jet_parallax_layout_bg_y_tablet&quot;:&quot;&quot;,&quot;jet_parallax_layout_bg_y_mobile&quot;:&quot;&quot;,&quot;jet_parallax_layout_bg_size&quot;:&quot;auto&quot;,&quot;jet_parallax_layout_bg_size_tablet&quot;:&quot;&quot;,&quot;jet_parallax_layout_bg_size_mobile&quot;:&quot;&quot;,&quot;jet_parallax_layout_animation_prop&quot;:&quot;transform&quot;,&quot;jet_parallax_layout_on&quot;:[&quot;desktop&quot;,&quot;tablet&quot;]}],&quot;stretch_section&quot;:&quot;section-stretched&quot;}\">\n\t\t\t\t\t\t<div class=\"elementor-container elementor-column-gap-default\">\n\t\t\t\t\t<div class=\"elementor-column elementor-col-100 elementor-top-column elementor-element elementor-element-0051b5c\" data-id=\"0051b5c\" data-element_type=\"column\" data-e-type=\"column\">\n\t\t\t<div class=\"elementor-widget-wrap elementor-element-populated\">\n\t\t\t\t\t\t<section class=\"elementor-section elementor-inner-section elementor-element elementor-element-41a61a6 elementor-section-boxed elementor-section-height-default elementor-section-height-default\" data-id=\"41a61a6\" data-element_type=\"section\" data-e-type=\"section\" data-settings=\"{&quot;jet_parallax_layout_list&quot;:[{&quot;_id&quot;:&quot;0450ede&quot;,&quot;jet_parallax_layout_image&quot;:{&quot;url&quot;:&quot;&quot;,&quot;id&quot;:&quot;&quot;,&quot;size&quot;:&quot;&quot;},&quot;jet_parallax_layout_image_tablet&quot;:{&quot;url&quot;:&quot;&quot;,&quot;id&quot;:&quot;&quot;,&quot;size&quot;:&quot;&quot;},&quot;jet_parallax_layout_image_mobile&quot;:{&quot;url&quot;:&quot;&quot;,&quot;id&quot;:&quot;&quot;,&quot;size&quot;:&quot;&quot;},&quot;jet_parallax_layout_speed&quot;:{&quot;unit&quot;:&quot;%&quot;,&quot;size&quot;:50,&quot;sizes&quot;:[]},&quot;jet_parallax_layout_type&quot;:&quot;scroll&quot;,&quot;jet_parallax_layout_direction&quot;:null,&quot;jet_parallax_layout_fx_direction&quot;:null,&quot;jet_parallax_layout_z_index&quot;:&quot;&quot;,&quot;jet_parallax_layout_bg_x&quot;:50,&quot;jet_parallax_layout_bg_x_tablet&quot;:&quot;&quot;,&quot;jet_parallax_layout_bg_x_mobile&quot;:&quot;&quot;,&quot;jet_parallax_layout_bg_y&quot;:50,&quot;jet_parallax_layout_bg_y_tablet&quot;:&quot;&quot;,&quot;jet_parallax_layout_bg_y_mobile&quot;:&quot;&quot;,&quot;jet_parallax_layout_bg_size&quot;:&quot;auto&quot;,&quot;jet_parallax_layout_bg_size_tablet&quot;:&quot;&quot;,&quot;jet_parallax_layout_bg_size_mobile&quot;:&quot;&quot;,&quot;jet_parallax_layout_animation_prop&quot;:&quot;transform&quot;,&quot;jet_parallax_layout_on&quot;:[&quot;desktop&quot;,&quot;tablet&quot;]}]}\">\n\t\t\t\t\t\t<div class=\"elementor-container elementor-column-gap-no\">\n\t\t\t\t\t<div class=\"elementor-column elementor-col-100 elementor-inner-column elementor-element elementor-element-4260e80\" data-id=\"4260e80\" data-element_type=\"column\" data-e-type=\"column\">\n\t\t\t<div class=\"elementor-widget-wrap elementor-element-populated\">\n\t\t\t\t\t\t<div class=\"elementor-element elementor-element-c95a999 elementor-invisible elementor-widget elementor-widget-heading\" data-id=\"c95a999\" data-element_type=\"widget\" data-e-type=\"widget\" data-settings=\"{&quot;_animation&quot;:&quot;fadeInUp&quot;,&quot;_animation_delay&quot;:150}\" data-widget_type=\"heading.default\">\n\t\t\t\t<div class=\"elementor-widget-container\">\n\t\t\t\t\t<h1 class=\"elementor-heading-title elementor-size-default\">T\u00c9MOIGNAGES<\/h1>\t\t\t\t<\/div>\n\t\t\t\t<\/div>\n\t\t\t\t\t<\/div>\n\t\t<\/div>\n\t\t\t\t\t<\/div>\n\t\t<\/section>\n\t\t\t\t<section class=\"elementor-section elementor-inner-section elementor-element elementor-element-03d6651 elementor-section-boxed elementor-section-height-default elementor-section-height-default\" data-id=\"03d6651\" data-element_type=\"section\" data-e-type=\"section\" data-settings=\"{&quot;jet_parallax_layout_list&quot;:[{&quot;_id&quot;:&quot;17ca8a5&quot;,&quot;jet_parallax_layout_image&quot;:{&quot;url&quot;:&quot;&quot;,&quot;id&quot;:&quot;&quot;,&quot;size&quot;:&quot;&quot;},&quot;jet_parallax_layout_image_tablet&quot;:{&quot;url&quot;:&quot;&quot;,&quot;id&quot;:&quot;&quot;,&quot;size&quot;:&quot;&quot;},&quot;jet_parallax_layout_image_mobile&quot;:{&quot;url&quot;:&quot;&quot;,&quot;id&quot;:&quot;&quot;,&quot;size&quot;:&quot;&quot;},&quot;jet_parallax_layout_speed&quot;:{&quot;unit&quot;:&quot;%&quot;,&quot;size&quot;:50,&quot;sizes&quot;:[]},&quot;jet_parallax_layout_type&quot;:&quot;scroll&quot;,&quot;jet_parallax_layout_direction&quot;:null,&quot;jet_parallax_layout_fx_direction&quot;:null,&quot;jet_parallax_layout_z_index&quot;:&quot;&quot;,&quot;jet_parallax_layout_bg_x&quot;:50,&quot;jet_parallax_layout_bg_x_tablet&quot;:&quot;&quot;,&quot;jet_parallax_layout_bg_x_mobile&quot;:&quot;&quot;,&quot;jet_parallax_layout_bg_y&quot;:50,&quot;jet_parallax_layout_bg_y_tablet&quot;:&quot;&quot;,&quot;jet_parallax_layout_bg_y_mobile&quot;:&quot;&quot;,&quot;jet_parallax_layout_bg_size&quot;:&quot;auto&quot;,&quot;jet_parallax_layout_bg_size_tablet&quot;:&quot;&quot;,&quot;jet_parallax_layout_bg_size_mobile&quot;:&quot;&quot;,&quot;jet_parallax_layout_animation_prop&quot;:&quot;transform&quot;,&quot;jet_parallax_layout_on&quot;:[&quot;desktop&quot;,&quot;tablet&quot;]}]}\">\n\t\t\t\t\t\t<div class=\"elementor-container elementor-column-gap-no\">\n\t\t\t\t\t<div class=\"elementor-column elementor-col-100 elementor-inner-column elementor-element elementor-element-effcc90\" data-id=\"effcc90\" data-element_type=\"column\" data-e-type=\"column\">\n\t\t\t<div class=\"elementor-widget-wrap elementor-element-populated\">\n\t\t\t\t\t\t<div class=\"elementor-element elementor-element-b7e755c elementor-widget elementor-widget-jet-testimonials\" data-id=\"b7e755c\" data-element_type=\"widget\" data-e-type=\"widget\" data-settings=\"{&quot;slides_to_show&quot;:&quot;3&quot;,&quot;slides_to_show_tablet&quot;:&quot;2&quot;,&quot;slides_to_show_mobile&quot;:&quot;1&quot;,&quot;slides_to_scroll&quot;:&quot;2&quot;}\" data-widget_type=\"jet-testimonials.default\">\n\t\t\t\t<div class=\"elementor-widget-container\">\n\t\t\t\t\t<div class=\"elementor-jet-testimonials jet-elements\">\n<div class=\"jet-testimonials\">\n\t<div class=\"jet-testimonials__instance elementor-slick-slider jet-testimonials--comment-corner\" data-settings='{&quot;autoplaySpeed&quot;:5000,&quot;autoplay&quot;:false,&quot;infinite&quot;:true,&quot;centerMode&quot;:false,&quot;centerPadding&quot;:&quot;50px&quot;,&quot;adaptiveHeight&quot;:true,&quot;pauseOnHover&quot;:false,&quot;speed&quot;:500,&quot;arrows&quot;:true,&quot;dots&quot;:true,&quot;slidesToScroll&quot;:2,&quot;prevArrow&quot;:&quot;.jet-testimonial__prev-arrow-b7e755c&quot;,&quot;nextArrow&quot;:&quot;.jet-testimonial__next-arrow-b7e755c&quot;,&quot;rtl&quot;:false}' dir=\"ltr\"><div class=\"jet-testimonial__prev-arrow-b7e755c jet-arrow prev-arrow\"><svg aria-hidden=\"true\" class=\"e-font-icon-svg e-fas-chevron-left\" viewBox=\"0 0 320 512\" xmlns=\"http:\/\/www.w3.org\/2000\/svg\"><path d=\"M34.52 239.03L228.87 44.69c9.37-9.37 24.57-9.37 33.94 0l22.67 22.67c9.36 9.36 9.37 24.52.04 33.9L131.49 256l154.02 154.75c9.34 9.38 9.32 24.54-.04 33.9l-22.67 22.67c-9.37 9.37-24.57 9.37-33.94 0L34.52 272.97c-9.37-9.37-9.37-24.57 0-33.94z\"><\/path><\/svg><\/div><div class=\"jet-testimonial__next-arrow-b7e755c jet-arrow next-arrow\"><svg aria-hidden=\"true\" class=\"e-font-icon-svg e-fas-chevron-right\" viewBox=\"0 0 320 512\" xmlns=\"http:\/\/www.w3.org\/2000\/svg\"><path d=\"M285.476 272.971L91.132 467.314c-9.373 9.373-24.569 9.373-33.941 0l-22.667-22.667c-9.357-9.357-9.375-24.522-.04-33.901L188.505 256 34.484 101.255c-9.335-9.379-9.317-24.544.04-33.901l22.667-22.667c9.373-9.373 24.569-9.373 33.941 0L285.475 239.03c9.373 9.372 9.373 24.568.001 33.941z\"><\/path><\/svg><\/div><div class=\"jet-testimonials__item\">\n\t<div class=\"jet-testimonials__item-inner\">\n\t\t<div class=\"jet-testimonials__content\"><figure class=\"jet-testimonials__figure\"><img decoding=\"async\" class=\"jet-testimonials__tag-img\" src=\"https:\/\/secretsdentiste.com\/wp-content\/uploads\/2025\/05\/Dr-Adina-Mihaela.jpg\" alt=\"Dr-Adina-Mihaela\" loading=\"lazy\"><\/figure><div class=\"jet-testimonials__comment\"> \u201cJe suis pass\u00e9e du brouillard \u00e0 la clart\u00e9. Aujourd\u2019hui, je sais ce que je veux et ce que je m\u00e9rite.\u201d<\/div><div class=\"jet-testimonials__name\"><span>Dr Adina Mihaela<\/span><\/div><div class=\"jet-testimonials__position\"><span> Caen<\/span><\/div><\/div>\n\t<\/div>\n<\/div>\n\n<div class=\"jet-testimonials__item\">\n\t<div class=\"jet-testimonials__item-inner\">\n\t\t<div class=\"jet-testimonials__content\"><figure class=\"jet-testimonials__figure\"><img decoding=\"async\" class=\"jet-testimonials__tag-img\" src=\"https:\/\/secretsdentiste.com\/wp-content\/uploads\/2025\/05\/Xavier-Leyvraz.jpg\" alt=\"Xavier-Leyvraz\" loading=\"lazy\"><\/figure><div class=\"jet-testimonials__comment\">\"En quelques semaines, je suis d\u00e9j\u00e0 plus d\u00e9tendu, plus herm\u00e9tique aux patients toxiques, et je r\u00e9alise que j\u2019ai sous-estim\u00e9 la valeur de mon travail.\"<\/div><div class=\"jet-testimonials__name\"><span>Dr Xavier Leyvraz<\/span><\/div><\/div>\n\t<\/div>\n<\/div>\n\n<div class=\"jet-testimonials__item\">\n\t<div class=\"jet-testimonials__item-inner\">\n\t\t<div class=\"jet-testimonials__content\"><figure class=\"jet-testimonials__figure\"><img decoding=\"async\" class=\"jet-testimonials__tag-img\" src=\"https:\/\/secretsdentiste.com\/wp-content\/uploads\/2025\/05\/Dr-Francois.jpg\" alt=\"Dr-Fran\u00e7ois\" loading=\"lazy\"><\/figure><div class=\"jet-testimonials__comment\">\u201cJ\u2019ai lev\u00e9 mes blocages int\u00e9rieurs. C\u2019est incroyable comme tout s\u2019est d\u00e9bloqu\u00e9 ensuite.\u201c<\/div><div class=\"jet-testimonials__name\"><span>Dr Fran\u00e7ois L.<\/span><\/div><div class=\"jet-testimonials__position\"><span>Montpellier<\/span><\/div><\/div>\n\t<\/div>\n<\/div>\n\n<div class=\"jet-testimonials__item\">\n\t<div class=\"jet-testimonials__item-inner\">\n\t\t<div class=\"jet-testimonials__content\"><figure class=\"jet-testimonials__figure\"><img decoding=\"async\" class=\"jet-testimonials__tag-img\" src=\"https:\/\/secretsdentiste.com\/wp-content\/uploads\/2025\/05\/Dr-Samira.jpg\" alt=\"Dr-Samira\" loading=\"lazy\"><\/figure><div class=\"jet-testimonials__comment\">\u201cCe programme m\u2019a reconnect\u00e9e \u00e0 ma mission profonde. Je me sens align\u00e9e et motiv\u00e9e chaque jour. Merci infiniment Dr. Kadiri pour cette clart\u00e9 retrouv\u00e9e.\u201c<\/div><div class=\"jet-testimonials__name\"><span>Dr Samira<\/span><\/div><div class=\"jet-testimonials__position\"><span>Lille<\/span><\/div><\/div>\n\t<\/div>\n<\/div>\n\n<div class=\"jet-testimonials__item\">\n\t<div class=\"jet-testimonials__item-inner\">\n\t\t<div class=\"jet-testimonials__content\"><figure class=\"jet-testimonials__figure\"><img decoding=\"async\" class=\"jet-testimonials__tag-img\" src=\"https:\/\/secretsdentiste.com\/wp-content\/uploads\/2025\/05\/Dr-Hassan.jpg\" alt=\"Dr-Hassan\" loading=\"lazy\"><\/figure><div class=\"jet-testimonials__comment\">\u201cJe g\u00e8re mieux les conflits, je rayonne plus, et mon cabinet s\u2019en ressent. Un immense merci \u00e0 Dr. Kadiri pour ce chemin de transformation.\u201c<\/div><div class=\"jet-testimonials__name\"><span>Dr Hassan.<\/span><\/div><div class=\"jet-testimonials__position\"><span>Casablanca<\/span><\/div><\/div>\n\t<\/div>\n<\/div>\n\n<div class=\"jet-testimonials__item\">\n\t<div class=\"jet-testimonials__item-inner\">\n\t\t<div class=\"jet-testimonials__content\"><figure class=\"jet-testimonials__figure\"><img decoding=\"async\" class=\"jet-testimonials__tag-img\" src=\"https:\/\/secretsdentiste.com\/wp-content\/uploads\/2025\/05\/Dr-Ciprian-Vaida.jpg\" alt=\"Dr-Ciprian-Vaida\" loading=\"lazy\"><\/figure><div class=\"jet-testimonials__comment\">\u201cAujourd\u2019hui, je me sens plus confiant, plus \u00e0 l\u2019aise\u2026 et mes journ\u00e9es sont bien plus fluides.\u201c<\/div><div class=\"jet-testimonials__name\"><span>Dr Ciprian Vaida <\/span><\/div><div class=\"jet-testimonials__position\"><span>Blangy-sur-Ternoise<\/span><\/div><\/div>\n\t<\/div>\n<\/div>\n\n<div class=\"jet-testimonials__item\">\n\t<div class=\"jet-testimonials__item-inner\">\n\t\t<div class=\"jet-testimonials__content\"><figure class=\"jet-testimonials__figure\"><img decoding=\"async\" class=\"jet-testimonials__tag-img\" src=\"https:\/\/secretsdentiste.com\/wp-content\/uploads\/2025\/05\/Dr-Valerie-Travers.jpg\" alt=\"Dr Val\u00e9rie Travers\" loading=\"lazy\"><\/figure><div class=\"jet-testimonials__comment\">\u201cIncroyable mais vrai : je suis plus d\u00e9tendue, j\u2019ai augment\u00e9 mon chiffre d\u2019affaires\u2026 et j\u2019ai m\u00eame lib\u00e9r\u00e9 une matin\u00e9e par semaine.\u201d<\/div><div class=\"jet-testimonials__name\"><span>Dr Val\u00e9rie Travers<\/span><\/div><div class=\"jet-testimonials__position\"><span>Paris<\/span><\/div><\/div>\n\t<\/div>\n<\/div>\n\n<div class=\"jet-testimonials__item\">\n\t<div class=\"jet-testimonials__item-inner\">\n\t\t<div class=\"jet-testimonials__content\"><figure class=\"jet-testimonials__figure\"><img decoding=\"async\" class=\"jet-testimonials__tag-img\" src=\"https:\/\/secretsdentiste.com\/wp-content\/uploads\/2025\/05\/Dr-Tsiaras.jpg\" alt=\"Dr Tsiaras\" loading=\"lazy\"><\/figure><div class=\"jet-testimonials__comment\">\u201cJ\u2019ai r\u00e9organis\u00e9 mon cabinet, mon planning\u2026 et surtout, je me sens plus \u00e0 l\u2019aise dans ma vie.\u201d<\/div><div class=\"jet-testimonials__name\"><span>Dr Tsiaras<\/span><\/div><div class=\"jet-testimonials__position\"><span>Paris<\/span><\/div><\/div>\n\t<\/div>\n<\/div>\n\n<div class=\"jet-testimonials__item\">\n\t<div class=\"jet-testimonials__item-inner\">\n\t\t<div class=\"jet-testimonials__content\"><figure class=\"jet-testimonials__figure\"><img decoding=\"async\" class=\"jet-testimonials__tag-img\" src=\"https:\/\/secretsdentiste.com\/wp-content\/uploads\/2025\/05\/Dr-Nadia.jpg\" alt=\"Dr-Nadia\" loading=\"lazy\"><\/figure><div class=\"jet-testimonials__comment\">\u201cJ\u2019ai enfin trouv\u00e9 un \u00e9quilibre entre performance et s\u00e9r\u00e9nit\u00e9 dans mon cabinet. Merci du fond du c\u0153ur \u00e0 Dr. Kadiri pour son accompagnement pr\u00e9cieux.\u201c<\/div><div class=\"jet-testimonials__name\"><span>Dr Nadia<\/span><\/div><div class=\"jet-testimonials__position\"><span>Paris<\/span><\/div><\/div>\n\t<\/div>\n<\/div>\n\n<\/div>\n<\/div>\n<\/div>\t\t\t\t<\/div>\n\t\t\t\t<\/div>\n\t\t\t\t\t<\/div>\n\t\t<\/div>\n\t\t\t\t\t<\/div>\n\t\t<\/section>\n\t\t\t\t\t<\/div>\n\t\t<\/div>\n\t\t\t\t\t<\/div>\n\t\t<\/section>\n\t\t\t\t<\/div>\n\t\t\n\n\n\n<p><\/p>\n","protected":false},"excerpt":{"rendered":"","protected":false},"author":1,"featured_media":0,"parent":0,"menu_order":0,"comment_status":"closed","ping_status":"closed","template":"elementor_header_footer","meta":{"footnotes":""},"class_list":["post-4186","page","type-page","status-publish","hentry","is-cat-link-solid-light is-cat-link-rounded"],"_links":{"self":[{"href":"https:\/\/secretsdentiste.com\/en\/wp-json\/wp\/v2\/pages\/4186","targetHints":{"allow":["GET"]}}],"collection":[{"href":"https:\/\/secretsdentiste.com\/en\/wp-json\/wp\/v2\/pages"}],"about":[{"href":"https:\/\/secretsdentiste.com\/en\/wp-json\/wp\/v2\/types\/page"}],"author":[{"embeddable":true,"href":"https:\/\/secretsdentiste.com\/en\/wp-json\/wp\/v2\/users\/1"}],"replies":[{"embeddable":true,"href":"https:\/\/secretsdentiste.com\/en\/wp-json\/wp\/v2\/comments?post=4186"}],"version-history":[{"count":2,"href":"https:\/\/secretsdentiste.com\/en\/wp-json\/wp\/v2\/pages\/4186\/revisions"}],"predecessor-version":[{"id":4196,"href":"https:\/\/secretsdentiste.com\/en\/wp-json\/wp\/v2\/pages\/4186\/revisions\/4196"}],"wp:attachment":[{"href":"https:\/\/secretsdentiste.com\/en\/wp-json\/wp\/v2\/media?parent=4186"}],"curies":[{"name":"wp","href":"https:\/\/api.w.org\/{rel}","templated":true}]}}